{"id":242,"date":"2023-11-14T17:02:42","date_gmt":"2023-11-14T17:02:42","guid":{"rendered":"https:\/\/jaycardans.com.br\/?page_id=242"},"modified":"2025-08-07T19:08:02","modified_gmt":"2025-08-07T19:08:02","slug":"servicos","status":"publish","type":"page","link":"https:\/\/jaycardans.com.br\/?page_id=242","title":{"rendered":"Servi\u00e7os"},"content":{"rendered":"\t\t<div data-elementor-type=\"wp-page\" data-elementor-id=\"242\" class=\"elementor elementor-242\" data-elementor-post-type=\"page\">\n\t\t\t\t<div class=\"elementor-element elementor-element-4e36705 e-con-full e-flex e-con e-parent\" data-id=\"4e36705\" data-element_type=\"container\" data-settings=\"{&quot;content_width&quot;:&quot;full&quot;,&quot;background_background&quot;:&quot;classic&quot;}\" data-core-v316-plus=\"true\">\n\t\t<div class=\"elementor-element elementor-element-d2aa94e e-flex e-con-boxed e-con e-child\" data-id=\"d2aa94e\" data-element_type=\"container\" data-settings=\"{&quot;content_width&quot;:&quot;boxed&quot;}\">\n\t\t\t\t\t<div class=\"e-con-inner\">\n\t\t\t\t\t<\/div>\n\t\t\t\t<\/div>\n\t\t\t\t<\/div>\n\t\t<div class=\"elementor-element elementor-element-83cf711 e-con-full e-flex e-con e-child\" data-id=\"83cf711\" data-element_type=\"container\" data-settings=\"{&quot;content_width&quot;:&quot;full&quot;}\">\n\t\t<div class=\"elementor-element elementor-element-23099db e-con-full e-flex e-con e-child\" data-id=\"23099db\" data-element_type=\"container\" data-settings=\"{&quot;content_width&quot;:&quot;full&quot;}\">\n\t\t<div class=\"elementor-element elementor-element-b63913c e-con-full e-flex e-con e-child\" data-id=\"b63913c\" data-element_type=\"container\" data-settings=\"{&quot;content_width&quot;:&quot;full&quot;,&quot;background_background&quot;:&quot;classic&quot;}\">\n\t\t\t\t<div class=\"elementor-element elementor-element-b709909 elementor-widget elementor-widget-heading\" data-id=\"b709909\" data-element_type=\"widget\" data-widget_type=\"heading.default\">\n\t\t\t\t<div class=\"elementor-widget-container\">\n\t\t\t<style>\/*! elementor - v3.19.0 - 28-02-2024 *\/\n.elementor-heading-title{padding:0;margin:0;line-height:1}.elementor-widget-heading .elementor-heading-title[class*=elementor-size-]>a{color:inherit;font-size:inherit;line-height:inherit}.elementor-widget-heading .elementor-heading-title.elementor-size-small{font-size:15px}.elementor-widget-heading .elementor-heading-title.elementor-size-medium{font-size:19px}.elementor-widget-heading .elementor-heading-title.elementor-size-large{font-size:29px}.elementor-widget-heading .elementor-heading-title.elementor-size-xl{font-size:39px}.elementor-widget-heading .elementor-heading-title.elementor-size-xxl{font-size:59px}<\/style><h2 class=\"elementor-heading-title elementor-size-default\">A JAY CARDANS possui vasta experi\u00eancia na recupera\u00e7\u00e3o completa de Eixos Cardans e seus componentes das mais diversas aplica\u00e7\u00f5es e segmentos, com a garantia de que ao final de nossos reparos os equipamentos apresentem condi\u00e7\u00f5es de opera\u00e7\u00e3o id\u00eanticas aos do projeto original, ou ainda, em caso de eixos Cardans repotencializados, conforme informa\u00e7\u00f5es do usu\u00e1rio.<\/h2>\t\t<\/div>\n\t\t\t\t<\/div>\n\t\t\t\t<\/div>\n\t\t<div class=\"elementor-element elementor-element-6bb3dbf e-con-full e-flex e-con e-child\" data-id=\"6bb3dbf\" data-element_type=\"container\" data-settings=\"{&quot;content_width&quot;:&quot;full&quot;}\">\n\t\t<div class=\"elementor-element elementor-element-9522e1e e-con-full e-flex e-con e-child\" data-id=\"9522e1e\" data-element_type=\"container\" data-settings=\"{&quot;content_width&quot;:&quot;full&quot;,&quot;background_background&quot;:&quot;classic&quot;}\">\n\t\t\t\t<div class=\"elementor-element elementor-element-aa93f3b elementor-widget__width-inherit elementor-widget-mobile__width-inherit elementor-widget elementor-widget-heading\" data-id=\"aa93f3b\" data-element_type=\"widget\" data-widget_type=\"heading.default\">\n\t\t\t\t<div class=\"elementor-widget-container\">\n\t\t\t<h2 class=\"elementor-heading-title elementor-size-default\">Manuten\u00e7\u00e3o de Eixos Cardans<br> e seus componentes<\/h2>\t\t<\/div>\n\t\t\t\t<\/div>\n\t\t\t\t<div class=\"elementor-element elementor-element-3d74439 elementor-arrows-position-inside elementor-pagination-position-outside elementor-widget elementor-widget-image-carousel\" data-id=\"3d74439\" data-element_type=\"widget\" data-settings=\"{&quot;slides_to_show&quot;:&quot;2&quot;,&quot;navigation&quot;:&quot;both&quot;,&quot;autoplay&quot;:&quot;yes&quot;,&quot;pause_on_hover&quot;:&quot;yes&quot;,&quot;pause_on_interaction&quot;:&quot;yes&quot;,&quot;autoplay_speed&quot;:5000,&quot;infinite&quot;:&quot;yes&quot;,&quot;speed&quot;:500}\" data-widget_type=\"image-carousel.default\">\n\t\t\t\t<div class=\"elementor-widget-container\">\n\t\t\t<style>\/*! elementor - v3.19.0 - 28-02-2024 *\/\n.elementor-widget-image-carousel .swiper,.elementor-widget-image-carousel .swiper-container{position:static}.elementor-widget-image-carousel .swiper-container .swiper-slide figure,.elementor-widget-image-carousel .swiper .swiper-slide figure{line-height:inherit}.elementor-widget-image-carousel .swiper-slide{text-align:center}.elementor-image-carousel-wrapper:not(.swiper-container-initialized):not(.swiper-initialized) .swiper-slide{max-width:calc(100% \/ var(--e-image-carousel-slides-to-show, 3))}<\/style>\t\t<div class=\"elementor-image-carousel-wrapper swiper\" dir=\"ltr\">\n\t\t\t<div class=\"elementor-image-carousel swiper-wrapper\" aria-live=\"off\">\n\t\t\t\t\t\t\t\t<div class=\"swiper-slide\" role=\"group\" aria-roledescription=\"slide\" aria-label=\"1 de 9\"><a data-elementor-open-lightbox=\"yes\" data-elementor-lightbox-slideshow=\"3d74439\" data-elementor-lightbox-title=\"DF-FUNDO-E-INF-ETIQ-9A\" data-e-action-hash=\"#elementor-action%3Aaction%3Dlightbox%26settings%3DeyJpZCI6NjI3LCJ1cmwiOiJodHRwczpcL1wvamF5Y2FyZGFucy5jb20uYnJcL3dwLWNvbnRlbnRcL3VwbG9hZHNcLzIwMjRcLzExXC9ERi1GVU5ETy1FLUlORi1FVElRLTlBLmpwZyIsInNsaWRlc2hvdyI6IjNkNzQ0MzkifQ%3D%3D\" href=\"https:\/\/jaycardans.com.br\/wp-content\/uploads\/2024\/11\/DF-FUNDO-E-INF-ETIQ-9A.jpg\"><figure class=\"swiper-slide-inner\"><img decoding=\"async\" class=\"swiper-slide-image\" src=\"https:\/\/jaycardans.com.br\/wp-content\/uploads\/2024\/11\/DF-FUNDO-E-INF-ETIQ-9A-1024x768.jpg\" alt=\"DF-FUNDO-E-INF-ETIQ-9A\" \/><\/figure><\/a><\/div><div class=\"swiper-slide\" role=\"group\" aria-roledescription=\"slide\" aria-label=\"2 de 9\"><a data-elementor-open-lightbox=\"yes\" data-elementor-lightbox-slideshow=\"3d74439\" data-elementor-lightbox-title=\"DF-FUNDO-E-INF-EM-RELEVO-NO-EQUIP-3\" data-e-action-hash=\"#elementor-action%3Aaction%3Dlightbox%26settings%3DeyJpZCI6NjI2LCJ1cmwiOiJodHRwczpcL1wvamF5Y2FyZGFucy5jb20uYnJcL3dwLWNvbnRlbnRcL3VwbG9hZHNcLzIwMjRcLzExXC9ERi1GVU5ETy1FLUlORi1FTS1SRUxFVk8tTk8tRVFVSVAtMy5qcGciLCJzbGlkZXNob3ciOiIzZDc0NDM5In0%3D\" href=\"https:\/\/jaycardans.com.br\/wp-content\/uploads\/2024\/11\/DF-FUNDO-E-INF-EM-RELEVO-NO-EQUIP-3.jpg\"><figure class=\"swiper-slide-inner\"><img decoding=\"async\" class=\"swiper-slide-image\" src=\"https:\/\/jaycardans.com.br\/wp-content\/uploads\/2024\/11\/DF-FUNDO-E-INF-EM-RELEVO-NO-EQUIP-3-1024x768.jpg\" alt=\"DF-FUNDO-E-INF-EM-RELEVO-NO-EQUIP-3\" \/><\/figure><\/a><\/div><div class=\"swiper-slide\" role=\"group\" aria-roledescription=\"slide\" aria-label=\"3 de 9\"><a data-elementor-open-lightbox=\"yes\" data-elementor-lightbox-slideshow=\"3d74439\" data-elementor-lightbox-title=\"DF-FUNDO-E-INF-EM-RELEVO-NO-EQUIP2\" data-e-action-hash=\"#elementor-action%3Aaction%3Dlightbox%26settings%3DeyJpZCI6NjI1LCJ1cmwiOiJodHRwczpcL1wvamF5Y2FyZGFucy5jb20uYnJcL3dwLWNvbnRlbnRcL3VwbG9hZHNcLzIwMjRcLzExXC9ERi1GVU5ETy1FLUlORi1FTS1SRUxFVk8tTk8tRVFVSVAyLmpwZyIsInNsaWRlc2hvdyI6IjNkNzQ0MzkifQ%3D%3D\" href=\"https:\/\/jaycardans.com.br\/wp-content\/uploads\/2024\/11\/DF-FUNDO-E-INF-EM-RELEVO-NO-EQUIP2.jpg\"><figure class=\"swiper-slide-inner\"><img decoding=\"async\" class=\"swiper-slide-image\" src=\"https:\/\/jaycardans.com.br\/wp-content\/uploads\/2024\/11\/DF-FUNDO-E-INF-EM-RELEVO-NO-EQUIP2-1024x768.jpg\" alt=\"DF-FUNDO-E-INF-EM-RELEVO-NO-EQUIP2\" \/><\/figure><\/a><\/div><div class=\"swiper-slide\" role=\"group\" aria-roledescription=\"slide\" aria-label=\"4 de 9\"><a data-elementor-open-lightbox=\"yes\" data-elementor-lightbox-slideshow=\"3d74439\" data-elementor-lightbox-title=\"DF-FUNDO-E-INF-EM-RELEVO-NO-EQUIP1\" data-e-action-hash=\"#elementor-action%3Aaction%3Dlightbox%26settings%3DeyJpZCI6NjI0LCJ1cmwiOiJodHRwczpcL1wvamF5Y2FyZGFucy5jb20uYnJcL3dwLWNvbnRlbnRcL3VwbG9hZHNcLzIwMjRcLzExXC9ERi1GVU5ETy1FLUlORi1FTS1SRUxFVk8tTk8tRVFVSVAxLmpwZyIsInNsaWRlc2hvdyI6IjNkNzQ0MzkifQ%3D%3D\" href=\"https:\/\/jaycardans.com.br\/wp-content\/uploads\/2024\/11\/DF-FUNDO-E-INF-EM-RELEVO-NO-EQUIP1.jpg\"><figure class=\"swiper-slide-inner\"><img decoding=\"async\" class=\"swiper-slide-image\" src=\"https:\/\/jaycardans.com.br\/wp-content\/uploads\/2024\/11\/DF-FUNDO-E-INF-EM-RELEVO-NO-EQUIP1-1024x768.jpg\" alt=\"DF-FUNDO-E-INF-EM-RELEVO-NO-EQUIP1\" \/><\/figure><\/a><\/div><div class=\"swiper-slide\" role=\"group\" aria-roledescription=\"slide\" aria-label=\"5 de 9\"><a data-elementor-open-lightbox=\"yes\" data-elementor-lightbox-slideshow=\"3d74439\" data-elementor-lightbox-title=\"DF-FUNDO-E-INF-EM-RELEVO-EQUIP\" data-e-action-hash=\"#elementor-action%3Aaction%3Dlightbox%26settings%3DeyJpZCI6NjIzLCJ1cmwiOiJodHRwczpcL1wvamF5Y2FyZGFucy5jb20uYnJcL3dwLWNvbnRlbnRcL3VwbG9hZHNcLzIwMjRcLzExXC9ERi1GVU5ETy1FLUlORi1FTS1SRUxFVk8tRVFVSVAuanBlZyIsInNsaWRlc2hvdyI6IjNkNzQ0MzkifQ%3D%3D\" href=\"https:\/\/jaycardans.com.br\/wp-content\/uploads\/2024\/11\/DF-FUNDO-E-INF-EM-RELEVO-EQUIP.jpeg\"><figure class=\"swiper-slide-inner\"><img decoding=\"async\" class=\"swiper-slide-image\" src=\"https:\/\/jaycardans.com.br\/wp-content\/uploads\/2024\/11\/DF-FUNDO-E-INF-EM-RELEVO-EQUIP-1024x768.jpeg\" alt=\"DF-FUNDO-E-INF-EM-RELEVO-EQUIP\" \/><\/figure><\/a><\/div><div class=\"swiper-slide\" role=\"group\" aria-roledescription=\"slide\" aria-label=\"6 de 9\"><a data-elementor-open-lightbox=\"yes\" data-elementor-lightbox-slideshow=\"3d74439\" data-elementor-lightbox-title=\"DF-FUNDO-E-DESF-LOGO-EQ3-scaled\" data-e-action-hash=\"#elementor-action%3Aaction%3Dlightbox%26settings%3DeyJpZCI6ODUxLCJ1cmwiOiJodHRwczpcL1wvamF5Y2FyZGFucy5jb20uYnJcL3dwLWNvbnRlbnRcL3VwbG9hZHNcLzIwMjRcLzEyXC9ERi1GVU5ETy1FLURFU0YtTE9HTy1FUTMtc2NhbGVkLTEuanBnIiwic2xpZGVzaG93IjoiM2Q3NDQzOSJ9\" href=\"https:\/\/jaycardans.com.br\/wp-content\/uploads\/2024\/12\/DF-FUNDO-E-DESF-LOGO-EQ3-scaled-1.jpg\"><figure class=\"swiper-slide-inner\"><img decoding=\"async\" class=\"swiper-slide-image\" src=\"https:\/\/jaycardans.com.br\/wp-content\/uploads\/2024\/12\/DF-FUNDO-E-DESF-LOGO-EQ3-scaled-1-1024x768.jpg\" alt=\"DF-FUNDO-E-DESF-LOGO-EQ3-scaled\" \/><\/figure><\/a><\/div><div class=\"swiper-slide\" role=\"group\" aria-roledescription=\"slide\" aria-label=\"7 de 9\"><a data-elementor-open-lightbox=\"yes\" data-elementor-lightbox-slideshow=\"3d74439\" data-elementor-lightbox-title=\"DF-FUNDO-E-DESF-LOGO-EQ2\" data-e-action-hash=\"#elementor-action%3Aaction%3Dlightbox%26settings%3DeyJpZCI6NjIxLCJ1cmwiOiJodHRwczpcL1wvamF5Y2FyZGFucy5jb20uYnJcL3dwLWNvbnRlbnRcL3VwbG9hZHNcLzIwMjRcLzExXC9ERi1GVU5ETy1FLURFU0YtTE9HTy1FUTIucG5nIiwic2xpZGVzaG93IjoiM2Q3NDQzOSJ9\" href=\"https:\/\/jaycardans.com.br\/wp-content\/uploads\/2024\/11\/DF-FUNDO-E-DESF-LOGO-EQ2.png\"><figure class=\"swiper-slide-inner\"><img decoding=\"async\" class=\"swiper-slide-image\" src=\"https:\/\/jaycardans.com.br\/wp-content\/uploads\/2024\/11\/DF-FUNDO-E-DESF-LOGO-EQ2-1024x766.png\" alt=\"DF-FUNDO-E-DESF-LOGO-EQ2\" \/><\/figure><\/a><\/div><div class=\"swiper-slide\" role=\"group\" aria-roledescription=\"slide\" aria-label=\"8 de 9\"><a data-elementor-open-lightbox=\"yes\" data-elementor-lightbox-slideshow=\"3d74439\" data-elementor-lightbox-title=\"DF-FUNDO-9\" data-e-action-hash=\"#elementor-action%3Aaction%3Dlightbox%26settings%3DeyJpZCI6NjIwLCJ1cmwiOiJodHRwczpcL1wvamF5Y2FyZGFucy5jb20uYnJcL3dwLWNvbnRlbnRcL3VwbG9hZHNcLzIwMjRcLzExXC9ERi1GVU5ETy05LmpwZyIsInNsaWRlc2hvdyI6IjNkNzQ0MzkifQ%3D%3D\" href=\"https:\/\/jaycardans.com.br\/wp-content\/uploads\/2024\/11\/DF-FUNDO-9.jpg\"><figure class=\"swiper-slide-inner\"><img decoding=\"async\" class=\"swiper-slide-image\" src=\"https:\/\/jaycardans.com.br\/wp-content\/uploads\/2024\/11\/DF-FUNDO-9-1024x768.jpg\" alt=\"DF-FUNDO-9\" \/><\/figure><\/a><\/div><div class=\"swiper-slide\" role=\"group\" aria-roledescription=\"slide\" aria-label=\"9 de 9\"><a data-elementor-open-lightbox=\"yes\" data-elementor-lightbox-slideshow=\"3d74439\" data-elementor-lightbox-title=\"DF-FUNDO-8\" data-e-action-hash=\"#elementor-action%3Aaction%3Dlightbox%26settings%3DeyJpZCI6NjE5LCJ1cmwiOiJodHRwczpcL1wvamF5Y2FyZGFucy5jb20uYnJcL3dwLWNvbnRlbnRcL3VwbG9hZHNcLzIwMjRcLzExXC9ERi1GVU5ETy04LmpwZyIsInNsaWRlc2hvdyI6IjNkNzQ0MzkifQ%3D%3D\" href=\"https:\/\/jaycardans.com.br\/wp-content\/uploads\/2024\/11\/DF-FUNDO-8.jpg\"><figure class=\"swiper-slide-inner\"><img decoding=\"async\" class=\"swiper-slide-image\" src=\"https:\/\/jaycardans.com.br\/wp-content\/uploads\/2024\/11\/DF-FUNDO-8-1024x768.jpg\" alt=\"DF-FUNDO-8\" \/><\/figure><\/a><\/div>\t\t\t<\/div>\n\t\t\t\t\t\t\t\t\t\t\t\t<div class=\"elementor-swiper-button elementor-swiper-button-prev\" role=\"button\" tabindex=\"0\">\n\t\t\t\t\t\t<svg aria-hidden=\"true\" class=\"e-font-icon-svg e-eicon-chevron-left\" viewBox=\"0 0 1000 1000\" xmlns=\"http:\/\/www.w3.org\/2000\/svg\"><path d=\"M646 125C629 125 613 133 604 142L308 442C296 454 292 471 292 487 292 504 296 521 308 533L604 854C617 867 629 875 646 875 663 875 679 871 692 858 704 846 713 829 713 812 713 796 708 779 692 767L438 487 692 225C700 217 708 204 708 187 708 171 704 154 692 142 675 129 663 125 646 125Z\"><\/path><\/svg>\t\t\t\t\t<\/div>\n\t\t\t\t\t<div class=\"elementor-swiper-button elementor-swiper-button-next\" role=\"button\" tabindex=\"0\">\n\t\t\t\t\t\t<svg aria-hidden=\"true\" class=\"e-font-icon-svg e-eicon-chevron-right\" viewBox=\"0 0 1000 1000\" xmlns=\"http:\/\/www.w3.org\/2000\/svg\"><path d=\"M696 533C708 521 713 504 713 487 713 471 708 454 696 446L400 146C388 133 375 125 354 125 338 125 325 129 313 142 300 154 292 171 292 187 292 204 296 221 308 233L563 492 304 771C292 783 288 800 288 817 288 833 296 850 308 863 321 871 338 875 354 875 371 875 388 867 400 854L696 533Z\"><\/path><\/svg>\t\t\t\t\t<\/div>\n\t\t\t\t\n\t\t\t\t\t\t\t\t\t<div class=\"swiper-pagination\"><\/div>\n\t\t\t\t\t\t\t\t\t<\/div>\n\t\t\t\t<\/div>\n\t\t\t\t<\/div>\n\t\t\t\t<\/div>\n\t\t\t\t<\/div>\n\t\t\t\t<\/div>\n\t\t\t\t<\/div>\n\t\t\t\t<\/div>\n\t\t","protected":false},"excerpt":{"rendered":"<p>A JAY CARDANS possui vasta experi\u00eancia na recupera\u00e7\u00e3o completa de Eixos Cardans e seus componentes das mais diversas aplica\u00e7\u00f5es e segmentos, com a garantia de que ao final de nossos reparos os equipamentos apresentem condi\u00e7\u00f5es de opera\u00e7\u00e3o id\u00eanticas aos do projeto original, ou ainda, em caso de eixos Cardans repotencializados, conforme informa\u00e7\u00f5es do usu\u00e1rio. Manuten\u00e7\u00e3o [&hellip;]<\/p>\n","protected":false},"author":1,"featured_media":0,"parent":0,"menu_order":0,"comment_status":"closed","ping_status":"closed","template":"elementor_header_footer","meta":{"_joinchat":[],"footnotes":""},"class_list":["post-242","page","type-page","status-publish","hentry"],"_links":{"self":[{"href":"https:\/\/jaycardans.com.br\/index.php?rest_route=\/wp\/v2\/pages\/242","targetHints":{"allow":["GET"]}}],"collection":[{"href":"https:\/\/jaycardans.com.br\/index.php?rest_route=\/wp\/v2\/pages"}],"about":[{"href":"https:\/\/jaycardans.com.br\/index.php?rest_route=\/wp\/v2\/types\/page"}],"author":[{"embeddable":true,"href":"https:\/\/jaycardans.com.br\/index.php?rest_route=\/wp\/v2\/users\/1"}],"replies":[{"embeddable":true,"href":"https:\/\/jaycardans.com.br\/index.php?rest_route=%2Fwp%2Fv2%2Fcomments&post=242"}],"version-history":[{"count":89,"href":"https:\/\/jaycardans.com.br\/index.php?rest_route=\/wp\/v2\/pages\/242\/revisions"}],"predecessor-version":[{"id":1054,"href":"https:\/\/jaycardans.com.br\/index.php?rest_route=\/wp\/v2\/pages\/242\/revisions\/1054"}],"wp:attachment":[{"href":"https:\/\/jaycardans.com.br\/index.php?rest_route=%2Fwp%2Fv2%2Fmedia&parent=242"}],"curies":[{"name":"wp","href":"https:\/\/api.w.org\/{rel}","templated":true}]}}